{"id":34,"date":"2021-07-08T10:34:10","date_gmt":"2021-07-08T08:34:10","guid":{"rendered":"https:\/\/dev.guenter-ott.de\/?page_id=34"},"modified":"2021-07-08T12:18:07","modified_gmt":"2021-07-08T10:18:07","slug":"glas-und-fassadenreinigung","status":"publish","type":"page","link":"https:\/\/guenter-ott.de\/index.php\/glas-und-fassadenreinigung\/","title":{"rendered":"Glas- und Fassadenreinigung"},"content":{"rendered":"<div id='full_slider_1'  class='avia-fullwidth-slider main_color avia-shadow   avia-builder-el-0  el_before_av_one_full  avia-builder-el-first   container_wrap fullsize'  ><div   data-size='no scaling'  data-lightbox_size='large'  data-animation='fade'  data-conditional_play=''  data-ids='36,37,38'  data-video_counter='0'  data-autoplay='true'  data-bg_slider='false'  data-slide_height=''  data-handle='av_slideshow_full'  data-interval='5'  data-class=' '  data-el_id=''  data-css_id=''  data-scroll_down=''  data-control_layout='av-control-default'  data-custom_markup=''  data-perma_caption=''  data-autoplay_stopper=''  data-image_attachment=''  data-min_height='0px'  data-lazy_loading='disabled'  data-src=''  data-position='top left'  data-repeat='no-repeat'  data-attach='scroll'  data-stretch=''  data-img_scrset=''  class='avia-slideshow avia-slideshow-1  av-control-default av-default-height-applied avia-slideshow-no scaling av_slideshow_full   avia-fade-slider '  itemprop=\"image\" itemscope=\"itemscope\" itemtype=\"https:\/\/schema.org\/ImageObject\" ><ul class='avia-slideshow-inner ' style='padding-bottom: 33.9285714286%;' ><li  class=' slide-1 ' ><div data-rel='slideshow-1' class='avia-slide-wrap '   ><div class = \"caption_fullwidth av-slideshow-caption caption_bottom caption_bottom_framed caption_framed\"><div class = \"container caption_container\"><div class = \"slideshow_caption\"><div class = \"slideshow_inner_caption\"><div class = \"slideshow_align_caption\"><h2  class='avia-caption-title  '  itemprop=\"name\" >Unm\u00f6gliches wird m\u00f6glich<\/h2><div class='avia-caption-content  '  itemprop=\"description\"  ><p>Wir arbeiten sicher in gro\u00dfer H\u00f6he<\/p>\n<\/div><\/div><\/div><\/div><\/div><\/div><img decoding=\"async\" class=\"wp-image-36 avia-img-lazy-loading-not-36\"  src=\"https:\/\/guenter-ott.de\/wp-content\/uploads\/2021\/07\/ott-fassaden-reinigung.jpg\" width=\"1680\" height=\"570\" title='Guenter-Ott-Fassadenreinigung' alt=''  itemprop=\"thumbnailUrl\" srcset=\"https:\/\/guenter-ott.de\/wp-content\/uploads\/2021\/07\/ott-fassaden-reinigung.jpg 1680w, https:\/\/guenter-ott.de\/wp-content\/uploads\/2021\/07\/ott-fassaden-reinigung-300x102.jpg 300w, https:\/\/guenter-ott.de\/wp-content\/uploads\/2021\/07\/ott-fassaden-reinigung-1030x349.jpg 1030w, https:\/\/guenter-ott.de\/wp-content\/uploads\/2021\/07\/ott-fassaden-reinigung-768x261.jpg 768w, https:\/\/guenter-ott.de\/wp-content\/uploads\/2021\/07\/ott-fassaden-reinigung-1536x521.jpg 1536w, https:\/\/guenter-ott.de\/wp-content\/uploads\/2021\/07\/ott-fassaden-reinigung-1500x509.jpg 1500w, https:\/\/guenter-ott.de\/wp-content\/uploads\/2021\/07\/ott-fassaden-reinigung-705x239.jpg 705w\" sizes=\"(max-width: 1680px) 100vw, 1680px\" \/><\/div><\/li><li  class=' slide-2 ' ><div data-rel='slideshow-1' class='avia-slide-wrap '   ><div class = \"caption_fullwidth av-slideshow-caption caption_bottom caption_bottom_framed caption_framed\"><div class = \"container caption_container\"><div class = \"slideshow_caption\"><div class = \"slideshow_inner_caption\"><div class = \"slideshow_align_caption\"><h2  class='avia-caption-title  '  itemprop=\"name\" >STRAHLENDE SAUBERKEIT<\/h2><div class='avia-caption-content  '  itemprop=\"description\"  ><p>Auch in Ihrem Wintergarten<\/p>\n<\/div><\/div><\/div><\/div><\/div><\/div><img decoding=\"async\" class=\"wp-image-37 avia-img-lazy-loading-not-37\"  src=\"https:\/\/guenter-ott.de\/wp-content\/uploads\/2021\/07\/ott-fassaden-reinigung1.jpg\" width=\"1680\" height=\"570\" title='Guenter-Ott-Fassadenreinigung1' alt=''  itemprop=\"thumbnailUrl\" srcset=\"https:\/\/guenter-ott.de\/wp-content\/uploads\/2021\/07\/ott-fassaden-reinigung1.jpg 1680w, https:\/\/guenter-ott.de\/wp-content\/uploads\/2021\/07\/ott-fassaden-reinigung1-300x102.jpg 300w, https:\/\/guenter-ott.de\/wp-content\/uploads\/2021\/07\/ott-fassaden-reinigung1-1030x349.jpg 1030w, https:\/\/guenter-ott.de\/wp-content\/uploads\/2021\/07\/ott-fassaden-reinigung1-768x261.jpg 768w, https:\/\/guenter-ott.de\/wp-content\/uploads\/2021\/07\/ott-fassaden-reinigung1-1536x521.jpg 1536w, https:\/\/guenter-ott.de\/wp-content\/uploads\/2021\/07\/ott-fassaden-reinigung1-1500x509.jpg 1500w, https:\/\/guenter-ott.de\/wp-content\/uploads\/2021\/07\/ott-fassaden-reinigung1-705x239.jpg 705w\" sizes=\"(max-width: 1680px) 100vw, 1680px\" \/><\/div><\/li><li  class=' slide-3 ' ><div data-rel='slideshow-1' class='avia-slide-wrap '   ><div class = \"caption_fullwidth av-slideshow-caption caption_bottom caption_bottom_framed caption_framed\"><div class = \"container caption_container\"><div class = \"slideshow_caption\"><div class = \"slideshow_inner_caption\"><div class = \"slideshow_align_caption\"><h2  class='avia-caption-title  '  itemprop=\"name\" >Wir finden f\u00fcr jedes Problem<\/h2><div class='avia-caption-content  '  itemprop=\"description\"  ><p>garantiert die optimale L\u00f6sung!<\/p>\n<\/div><\/div><\/div><\/div><\/div><\/div><img decoding=\"async\" class=\"wp-image-38 avia-img-lazy-loading-not-38\"  src=\"https:\/\/guenter-ott.de\/wp-content\/uploads\/2021\/07\/ott-fassaden-reinigung2.jpg\" width=\"1680\" height=\"570\" title='Guenter-Ott-Fassadenreinigung2' alt=''  itemprop=\"thumbnailUrl\" srcset=\"https:\/\/guenter-ott.de\/wp-content\/uploads\/2021\/07\/ott-fassaden-reinigung2.jpg 1680w, https:\/\/guenter-ott.de\/wp-content\/uploads\/2021\/07\/ott-fassaden-reinigung2-300x102.jpg 300w, https:\/\/guenter-ott.de\/wp-content\/uploads\/2021\/07\/ott-fassaden-reinigung2-1030x349.jpg 1030w, https:\/\/guenter-ott.de\/wp-content\/uploads\/2021\/07\/ott-fassaden-reinigung2-768x261.jpg 768w, https:\/\/guenter-ott.de\/wp-content\/uploads\/2021\/07\/ott-fassaden-reinigung2-1536x521.jpg 1536w, https:\/\/guenter-ott.de\/wp-content\/uploads\/2021\/07\/ott-fassaden-reinigung2-1500x509.jpg 1500w, https:\/\/guenter-ott.de\/wp-content\/uploads\/2021\/07\/ott-fassaden-reinigung2-705x239.jpg 705w\" sizes=\"(max-width: 1680px) 100vw, 1680px\" \/><\/div><\/li><\/ul><div class='avia-slideshow-arrows avia-slideshow-controls' ><a href='#prev' class='prev-slide ' aria-hidden='true' data-av_icon='\ue87c' data-av_iconfont='entypo-fontello'  tabindex='-1'>Zur\u00fcck<\/a><a href='#next' class='next-slide ' aria-hidden='true' data-av_icon='\ue87d' data-av_iconfont='entypo-fontello'  tabindex='-1'>Weiter<\/a><\/div><div class='avia-slideshow-dots avia-slideshow-controls'><a href='#1' class='goto-slide active' >1<\/a><a href='#2' class='goto-slide ' >2<\/a><a href='#3' class='goto-slide ' >3<\/a><\/div><\/div><\/div><div id='after_full_slider_1'  class='main_color av_default_container_wrap container_wrap fullsize'  ><div class='container av-section-cont-open' ><div class='template-page content  av-content-full alpha units'><div class='post-entry post-entry-type-page post-entry-34'><div class='entry-content-wrapper clearfix'>\n\n<style type=\"text\/css\" data-created_by=\"avia_inline_auto\" id=\"style-css-av-sttq-bccbeadb5799b9815319335f88e700e6\">\n.flex_column.av-sttq-bccbeadb5799b9815319335f88e700e6{\nborder-radius:0px 0px 0px 0px;\n-webkit-border-radius:0px 0px 0px 0px;\n-moz-border-radius:0px 0px 0px 0px;\n}\n<\/style>\n<div class='flex_column av-sttq-bccbeadb5799b9815319335f88e700e6 av_one_full  avia-builder-el-1  el_after_av_slideshow_full  avia-builder-el-no-sibling  first flex_column_div av-zero-column-padding '   ><section  class='av_textblock_section av-kqumkh63-5ce3a14f23b2c8b244508b2112f8c18e '  itemscope=\"itemscope\" itemtype=\"https:\/\/schema.org\/CreativeWork\" ><div class='avia_textblock '  itemprop=\"text\" ><h1>Glas- und Fassadenreinigung<\/h1>\n<h3>Unm\u00f6gliches wird m\u00f6glich mit Fachkenntnis und modernster Reinigungstechnik<\/h3>\n<p>Die Glas- und Fassadenpflege ist mit ihrer langen Tradition eine der \u00e4ltesten Dienstleistungen.<br \/>\nUnsere Spezialisten reinigen von einfachen Glasfl\u00e4chen an Privath\u00e4usern, \u00fcber gro\u00dffl\u00e4chige Industriefassaden bis zu schwer zug\u00e4nglichen Glaskonstruktionen einfach alles.<\/p>\n<p>Wir finden f\u00fcr jedes Problem garantiert die optimale L\u00f6sung. Je nach Materialbeschaffenheit einer Fassade wird ein Reinigungs- und Pflegeverfahren bestimmt. Auf Wunsch legen wir vor Ort eine Musterfl\u00e4che an.<\/p>\n<h4>Wir reinigen und pflegen bei diesen Arbeiten alle verbauten Oberfl\u00e4chen wie:<\/h4>\n<ul>\n<li>Klinker- und Betonfassaden<\/li>\n<li>Natur- und Kunststeine, Putze<\/li>\n<li>Glasfassaden und Glaskonstruktionen<\/li>\n<li>Anodisierte oder lackierte Metallfassaden<\/li>\n<\/ul>\n<p>Bei Bedarf wird nach einer intensiven Reinigung die Oberfl\u00e4che dauerhaft vor sch\u00e4dlichen Umwelteinfl\u00fcssen gesch\u00fctzt.<br \/>\nL\u00e4stige Graffitis werden von uns vollst\u00e4ndig beseitigt. Anschlie\u00dfend wird die gereinigte Fl\u00e4che mit einer Schutzimpr\u00e4gnierung versehen und so das erneute dauerhafte Aufbringen von unerw\u00fcnschten Farben vermindert.<\/p>\n<\/div><\/section><\/div>\n","protected":false},"excerpt":{"rendered":"","protected":false},"author":1,"featured_media":0,"parent":0,"menu_order":0,"comment_status":"closed","ping_status":"closed","template":"","meta":{"footnotes":""},"class_list":["post-34","page","type-page","status-publish","hentry"],"_links":{"self":[{"href":"https:\/\/guenter-ott.de\/index.php\/wp-json\/wp\/v2\/pages\/34","targetHints":{"allow":["GET"]}}],"collection":[{"href":"https:\/\/guenter-ott.de\/index.php\/wp-json\/wp\/v2\/pages"}],"about":[{"href":"https:\/\/guenter-ott.de\/index.php\/wp-json\/wp\/v2\/types\/page"}],"author":[{"embeddable":true,"href":"https:\/\/guenter-ott.de\/index.php\/wp-json\/wp\/v2\/users\/1"}],"replies":[{"embeddable":true,"href":"https:\/\/guenter-ott.de\/index.php\/wp-json\/wp\/v2\/comments?post=34"}],"version-history":[{"count":4,"href":"https:\/\/guenter-ott.de\/index.php\/wp-json\/wp\/v2\/pages\/34\/revisions"}],"predecessor-version":[{"id":112,"href":"https:\/\/guenter-ott.de\/index.php\/wp-json\/wp\/v2\/pages\/34\/revisions\/112"}],"wp:attachment":[{"href":"https:\/\/guenter-ott.de\/index.php\/wp-json\/wp\/v2\/media?parent=34"}],"curies":[{"name":"wp","href":"https:\/\/api.w.org\/{rel}","templated":true}]}}