{"id":67,"date":"2021-07-08T11:11:40","date_gmt":"2021-07-08T09:11:40","guid":{"rendered":"https:\/\/dev.guenter-ott.de\/?page_id=67"},"modified":"2021-07-08T12:20:50","modified_gmt":"2021-07-08T10:20:50","slug":"reinraumreinigung","status":"publish","type":"page","link":"https:\/\/guenter-ott.de\/index.php\/reinraumreinigung\/","title":{"rendered":"Reinraumreinigung"},"content":{"rendered":"<div id='full_slider_1'  class='avia-fullwidth-slider main_color avia-shadow   avia-builder-el-0  el_before_av_one_full  avia-builder-el-first   container_wrap fullsize'  ><div   data-size='no scaling'  data-lightbox_size='large'  data-animation='fade'  data-conditional_play=''  data-ids='72,70,71,69'  data-video_counter='0'  data-autoplay='true'  data-bg_slider='false'  data-slide_height=''  data-handle='av_slideshow_full'  data-interval='5'  data-class=' '  data-el_id=''  data-css_id=''  data-scroll_down=''  data-control_layout='av-control-default'  data-custom_markup=''  data-perma_caption=''  data-autoplay_stopper=''  data-image_attachment=''  data-min_height='0px'  data-lazy_loading='disabled'  data-src=''  data-position='top left'  data-repeat='no-repeat'  data-attach='scroll'  data-stretch=''  data-img_scrset=''  class='avia-slideshow avia-slideshow-1  av-control-default av-default-height-applied avia-slideshow-no scaling av_slideshow_full   avia-fade-slider '  itemprop=\"image\" itemscope=\"itemscope\" itemtype=\"https:\/\/schema.org\/ImageObject\" ><ul class='avia-slideshow-inner ' style='padding-bottom: 33.9285714286%;' ><li  class=' slide-1 ' ><div data-rel='slideshow-1' class='avia-slide-wrap '   ><div class = \"caption_fullwidth av-slideshow-caption caption_bottom caption_bottom_framed caption_framed\"><div class = \"container caption_container\"><div class = \"slideshow_caption\"><div class = \"slideshow_inner_caption\"><div class = \"slideshow_align_caption\"><h2  class='avia-caption-title  '  itemprop=\"name\" >Ihre Spezialisten<\/h2><div class='avia-caption-content  '  itemprop=\"description\"  ><p>F\u00fcr Wasserspeicherdesinfektion- und Reinraumdesinfektion<\/p>\n<\/div><\/div><\/div><\/div><\/div><\/div><img decoding=\"async\" class=\"wp-image-72 avia-img-lazy-loading-not-72\"  src=\"https:\/\/guenter-ott.de\/wp-content\/uploads\/2021\/07\/ott-wasserspeicher-desinfektion2.jpg\" width=\"1680\" height=\"570\" title='Guenter-Ott-Wasserspeicher-Desinfektion2' alt=''  itemprop=\"thumbnailUrl\" srcset=\"https:\/\/guenter-ott.de\/wp-content\/uploads\/2021\/07\/ott-wasserspeicher-desinfektion2.jpg 1680w, https:\/\/guenter-ott.de\/wp-content\/uploads\/2021\/07\/ott-wasserspeicher-desinfektion2-300x102.jpg 300w, https:\/\/guenter-ott.de\/wp-content\/uploads\/2021\/07\/ott-wasserspeicher-desinfektion2-1030x349.jpg 1030w, https:\/\/guenter-ott.de\/wp-content\/uploads\/2021\/07\/ott-wasserspeicher-desinfektion2-768x261.jpg 768w, https:\/\/guenter-ott.de\/wp-content\/uploads\/2021\/07\/ott-wasserspeicher-desinfektion2-1536x521.jpg 1536w, https:\/\/guenter-ott.de\/wp-content\/uploads\/2021\/07\/ott-wasserspeicher-desinfektion2-1500x509.jpg 1500w, https:\/\/guenter-ott.de\/wp-content\/uploads\/2021\/07\/ott-wasserspeicher-desinfektion2-705x239.jpg 705w\" sizes=\"(max-width: 1680px) 100vw, 1680px\" \/><\/div><\/li><li  class=' slide-2 ' ><div data-rel='slideshow-1' class='avia-slide-wrap '   ><div class = \"caption_fullwidth av-slideshow-caption caption_bottom caption_bottom_framed caption_framed\"><div class = \"container caption_container\"><div class = \"slideshow_caption\"><div class = \"slideshow_inner_caption\"><div class = \"slideshow_align_caption\"><h2  class='avia-caption-title  '  itemprop=\"name\" >REINRAUMREINIGUNG<\/h2><div class='avia-caption-content  '  itemprop=\"description\"  ><p>Die K\u00f6nigsdisziplin<\/p>\n<\/div><\/div><\/div><\/div><\/div><\/div><img decoding=\"async\" class=\"wp-image-70 avia-img-lazy-loading-not-70\"  src=\"https:\/\/guenter-ott.de\/wp-content\/uploads\/2021\/07\/ott-reinraum2.jpg\" width=\"1680\" height=\"570\" title='Guenter-Ott-Reinraumreinigung2' alt=''  itemprop=\"thumbnailUrl\" srcset=\"https:\/\/guenter-ott.de\/wp-content\/uploads\/2021\/07\/ott-reinraum2.jpg 1680w, https:\/\/guenter-ott.de\/wp-content\/uploads\/2021\/07\/ott-reinraum2-300x102.jpg 300w, https:\/\/guenter-ott.de\/wp-content\/uploads\/2021\/07\/ott-reinraum2-1030x349.jpg 1030w, https:\/\/guenter-ott.de\/wp-content\/uploads\/2021\/07\/ott-reinraum2-768x261.jpg 768w, https:\/\/guenter-ott.de\/wp-content\/uploads\/2021\/07\/ott-reinraum2-1536x521.jpg 1536w, https:\/\/guenter-ott.de\/wp-content\/uploads\/2021\/07\/ott-reinraum2-1500x509.jpg 1500w, https:\/\/guenter-ott.de\/wp-content\/uploads\/2021\/07\/ott-reinraum2-705x239.jpg 705w\" sizes=\"(max-width: 1680px) 100vw, 1680px\" \/><\/div><\/li><li  class=' slide-3 ' ><div data-rel='slideshow-1' class='avia-slide-wrap '   ><div class = \"caption_fullwidth av-slideshow-caption caption_bottom caption_bottom_framed caption_framed\"><div class = \"container caption_container\"><div class = \"slideshow_caption\"><div class = \"slideshow_inner_caption\"><div class = \"slideshow_align_caption\"><h2  class='avia-caption-title  '  itemprop=\"name\" >In sensiblen Objekten arbeiten<\/h2><div class='avia-caption-content  '  itemprop=\"description\"  ><p>Mit Verantwortung und Erfahrung!<\/p>\n<\/div><\/div><\/div><\/div><\/div><\/div><img decoding=\"async\" class=\"wp-image-71 avia-img-lazy-loading-not-71\"  src=\"https:\/\/guenter-ott.de\/wp-content\/uploads\/2021\/07\/ott-wasserspeicher-desinfektion1.jpg\" width=\"1680\" height=\"570\" title='Guenter-Ott-Wasserspeicher-Desinfektion1' alt=''  itemprop=\"thumbnailUrl\" srcset=\"https:\/\/guenter-ott.de\/wp-content\/uploads\/2021\/07\/ott-wasserspeicher-desinfektion1.jpg 1680w, https:\/\/guenter-ott.de\/wp-content\/uploads\/2021\/07\/ott-wasserspeicher-desinfektion1-300x102.jpg 300w, https:\/\/guenter-ott.de\/wp-content\/uploads\/2021\/07\/ott-wasserspeicher-desinfektion1-1030x349.jpg 1030w, https:\/\/guenter-ott.de\/wp-content\/uploads\/2021\/07\/ott-wasserspeicher-desinfektion1-768x261.jpg 768w, https:\/\/guenter-ott.de\/wp-content\/uploads\/2021\/07\/ott-wasserspeicher-desinfektion1-1536x521.jpg 1536w, https:\/\/guenter-ott.de\/wp-content\/uploads\/2021\/07\/ott-wasserspeicher-desinfektion1-1500x509.jpg 1500w, https:\/\/guenter-ott.de\/wp-content\/uploads\/2021\/07\/ott-wasserspeicher-desinfektion1-705x239.jpg 705w\" sizes=\"(max-width: 1680px) 100vw, 1680px\" \/><\/div><\/li><li  class=' slide-4 ' ><div data-rel='slideshow-1' class='avia-slide-wrap '   ><div class = \"caption_fullwidth av-slideshow-caption caption_bottom caption_bottom_framed caption_framed\"><div class = \"container caption_container\"><div class = \"slideshow_caption\"><div class = \"slideshow_inner_caption\"><div class = \"slideshow_align_caption\"><h2  class='avia-caption-title  '  itemprop=\"name\" >VERANTWORTUNG &amp; ERFAHRUNG<\/h2><div class='avia-caption-content  '  itemprop=\"description\"  ><p>Seit \u00fcber 20 Jahren!<\/p>\n<\/div><\/div><\/div><\/div><\/div><\/div><img decoding=\"async\" class=\"wp-image-69 avia-img-lazy-loading-not-69\"  src=\"https:\/\/guenter-ott.de\/wp-content\/uploads\/2021\/07\/ott-industrie1.jpg\" width=\"1680\" height=\"570\" title='Guenter-Ott-Industriereinigung1' alt=''  itemprop=\"thumbnailUrl\" srcset=\"https:\/\/guenter-ott.de\/wp-content\/uploads\/2021\/07\/ott-industrie1.jpg 1680w, https:\/\/guenter-ott.de\/wp-content\/uploads\/2021\/07\/ott-industrie1-300x102.jpg 300w, https:\/\/guenter-ott.de\/wp-content\/uploads\/2021\/07\/ott-industrie1-1030x349.jpg 1030w, https:\/\/guenter-ott.de\/wp-content\/uploads\/2021\/07\/ott-industrie1-768x261.jpg 768w, https:\/\/guenter-ott.de\/wp-content\/uploads\/2021\/07\/ott-industrie1-1536x521.jpg 1536w, https:\/\/guenter-ott.de\/wp-content\/uploads\/2021\/07\/ott-industrie1-1500x509.jpg 1500w, https:\/\/guenter-ott.de\/wp-content\/uploads\/2021\/07\/ott-industrie1-705x239.jpg 705w\" sizes=\"(max-width: 1680px) 100vw, 1680px\" \/><\/div><\/li><\/ul><div class='avia-slideshow-arrows avia-slideshow-controls' ><a href='#prev' class='prev-slide ' aria-hidden='true' data-av_icon='\ue87c' data-av_iconfont='entypo-fontello'  tabindex='-1'>Zur\u00fcck<\/a><a href='#next' class='next-slide ' aria-hidden='true' data-av_icon='\ue87d' data-av_iconfont='entypo-fontello'  tabindex='-1'>Weiter<\/a><\/div><div class='avia-slideshow-dots avia-slideshow-controls'><a href='#1' class='goto-slide active' >1<\/a><a href='#2' class='goto-slide ' >2<\/a><a href='#3' class='goto-slide ' >3<\/a><a href='#4' class='goto-slide ' >4<\/a><\/div><\/div><\/div><div id='after_full_slider_1'  class='main_color av_default_container_wrap container_wrap fullsize'  ><div class='container av-section-cont-open' ><div class='template-page content  av-content-full alpha units'><div class='post-entry post-entry-type-page post-entry-67'><div class='entry-content-wrapper clearfix'>\n\n<style type=\"text\/css\" data-created_by=\"avia_inline_auto\" id=\"style-css-av-sttq-bccbeadb5799b9815319335f88e700e6\">\n.flex_column.av-sttq-bccbeadb5799b9815319335f88e700e6{\nborder-radius:0px 0px 0px 0px;\n-webkit-border-radius:0px 0px 0px 0px;\n-moz-border-radius:0px 0px 0px 0px;\n}\n<\/style>\n<div class='flex_column av-sttq-bccbeadb5799b9815319335f88e700e6 av_one_full  avia-builder-el-1  el_after_av_slideshow_full  avia-builder-el-no-sibling  first flex_column_div av-zero-column-padding '   ><section  class='av_textblock_section av-kqumkh63-5ce3a14f23b2c8b244508b2112f8c18e '  itemscope=\"itemscope\" itemtype=\"https:\/\/schema.org\/CreativeWork\" ><div class='avia_textblock '  itemprop=\"text\" ><h1>Reinraumreinigung und Wasserspeicherdesinfektion<\/h1>\n<h3>Mit Verantwortung und Erfahrung in sensiblen Bereichen<\/h3>\n<p><strong>Reinraumreinigung &#8211; die K\u00f6nigsdisziplin<\/strong><\/p>\n<p>Wir unterst\u00fctzen Sie, die Anforderungen an Sauberkeit und Qualit\u00e4t im sensiblen Reinraum zu erf\u00fcllen. G\u00fcnter Ott &#8211; Ihre Geb\u00e4udereinigung ist bei der Reinigung von klassifizierten Reinr\u00e4umen ein zuverl\u00e4ssiger und bestens qualifizierter Dienstleister.<br \/>\nSeit \u00fcber 20 Jahren geh\u00f6rt die Reinraumreinigung in der Medizintechnik zu unserem Tagesgesch\u00e4ft. Von Schleusenservice, \u00fcber Unterhaltsreinigung bis hin zur Quartals- oder Bauendreinigung von Reinr\u00e4umen sind wir f\u00fcr Sie der richtige Partner.<\/p>\n<p><strong>Wasserspeicher \u2013 nicht nur sauber, sondern keimfrei<\/strong><\/p>\n<p>Frischwasserspeicher m\u00fcssen dem gesetzlich geforderten Hygienestandards entsprechen. Erst bei n\u00e4herer Betrachtung wird deutlich, dass diese Voraussetzung durch Fachpersonal geschaffen wird. In spezieller Schutzkleidung werden Objekte dieser Art in verschiedenen Verfahren gereinigt und bei Bedarf desinfiziert. Durch unsere Jahrzehnte lange Erfahrung, sind wir der richtige Partner nach Neu- und Umbauten und Revisionsreinigungen von Wasserwerken, Wassert\u00fcrmen, Pumpwerken, Hoch- und Niederbeh\u00e4ltern sowie Brunnen.<\/p>\n<\/div><\/section><\/div>\n","protected":false},"excerpt":{"rendered":"","protected":false},"author":1,"featured_media":0,"parent":0,"menu_order":0,"comment_status":"closed","ping_status":"closed","template":"","meta":{"footnotes":""},"class_list":["post-67","page","type-page","status-publish","hentry"],"_links":{"self":[{"href":"https:\/\/guenter-ott.de\/index.php\/wp-json\/wp\/v2\/pages\/67","targetHints":{"allow":["GET"]}}],"collection":[{"href":"https:\/\/guenter-ott.de\/index.php\/wp-json\/wp\/v2\/pages"}],"about":[{"href":"https:\/\/guenter-ott.de\/index.php\/wp-json\/wp\/v2\/types\/page"}],"author":[{"embeddable":true,"href":"https:\/\/guenter-ott.de\/index.php\/wp-json\/wp\/v2\/users\/1"}],"replies":[{"embeddable":true,"href":"https:\/\/guenter-ott.de\/index.php\/wp-json\/wp\/v2\/comments?post=67"}],"version-history":[{"count":4,"href":"https:\/\/guenter-ott.de\/index.php\/wp-json\/wp\/v2\/pages\/67\/revisions"}],"predecessor-version":[{"id":119,"href":"https:\/\/guenter-ott.de\/index.php\/wp-json\/wp\/v2\/pages\/67\/revisions\/119"}],"wp:attachment":[{"href":"https:\/\/guenter-ott.de\/index.php\/wp-json\/wp\/v2\/media?parent=67"}],"curies":[{"name":"wp","href":"https:\/\/api.w.org\/{rel}","templated":true}]}}