{"id":75,"date":"2021-07-08T11:16:47","date_gmt":"2021-07-08T09:16:47","guid":{"rendered":"https:\/\/dev.guenter-ott.de\/?page_id=75"},"modified":"2021-07-20T09:52:19","modified_gmt":"2021-07-20T07:52:19","slug":"serviceleistungen","status":"publish","type":"page","link":"https:\/\/guenter-ott.de\/index.php\/serviceleistungen\/","title":{"rendered":"Serviceleistungen"},"content":{"rendered":"<div id='full_slider_1'  class='avia-fullwidth-slider main_color avia-shadow   avia-builder-el-0  el_before_av_one_full  avia-builder-el-first   container_wrap fullsize'  ><div   data-size='no scaling'  data-lightbox_size='large'  data-animation='fade'  data-conditional_play=''  data-ids='77,50,36,55,27,70'  data-video_counter='0'  data-autoplay='true'  data-bg_slider='false'  data-slide_height=''  data-handle='av_slideshow_full'  data-interval='5'  data-class=' '  data-el_id=''  data-css_id=''  data-scroll_down=''  data-control_layout='av-control-default'  data-custom_markup=''  data-perma_caption=''  data-autoplay_stopper=''  data-image_attachment=''  data-min_height='0px'  data-lazy_loading='disabled'  data-src=''  data-position='top left'  data-repeat='no-repeat'  data-attach='scroll'  data-stretch=''  data-img_scrset=''  class='avia-slideshow avia-slideshow-1  av-control-default av-default-height-applied avia-slideshow-no scaling av_slideshow_full   avia-fade-slider '  itemprop=\"image\" itemscope=\"itemscope\" itemtype=\"https:\/\/schema.org\/ImageObject\" ><ul class='avia-slideshow-inner ' style='padding-bottom: 33.9285714286%;' ><li  class=' slide-1 ' ><div data-rel='slideshow-1' class='avia-slide-wrap '   ><div class = \"caption_fullwidth av-slideshow-caption caption_bottom caption_bottom_framed caption_framed\"><div class = \"container caption_container\"><div class = \"slideshow_caption\"><div class = \"slideshow_inner_caption\"><div class = \"slideshow_align_caption\"><h2  class='avia-caption-title  '  itemprop=\"name\" >PROFESSIONELLES ARBEITEN<\/h2><div class='avia-caption-content  '  itemprop=\"description\"  ><p>F\u00fcr uns selbstverst\u00e4ndlich<\/p>\n<\/div><\/div><\/div><\/div><\/div><\/div><img decoding=\"async\" class=\"wp-image-77 avia-img-lazy-loading-not-77\"  src=\"https:\/\/guenter-ott.de\/wp-content\/uploads\/2021\/07\/ott-unterhaltsreinigung.jpg\" width=\"1680\" height=\"570\" title='Guenter-Ott-Unterhaltsreinigung' alt=''  itemprop=\"thumbnailUrl\" srcset=\"https:\/\/guenter-ott.de\/wp-content\/uploads\/2021\/07\/ott-unterhaltsreinigung.jpg 1680w, https:\/\/guenter-ott.de\/wp-content\/uploads\/2021\/07\/ott-unterhaltsreinigung-300x102.jpg 300w, https:\/\/guenter-ott.de\/wp-content\/uploads\/2021\/07\/ott-unterhaltsreinigung-1030x349.jpg 1030w, https:\/\/guenter-ott.de\/wp-content\/uploads\/2021\/07\/ott-unterhaltsreinigung-768x261.jpg 768w, https:\/\/guenter-ott.de\/wp-content\/uploads\/2021\/07\/ott-unterhaltsreinigung-1536x521.jpg 1536w, https:\/\/guenter-ott.de\/wp-content\/uploads\/2021\/07\/ott-unterhaltsreinigung-1500x509.jpg 1500w, https:\/\/guenter-ott.de\/wp-content\/uploads\/2021\/07\/ott-unterhaltsreinigung-705x239.jpg 705w\" sizes=\"(max-width: 1680px) 100vw, 1680px\" \/><\/div><\/li><li  class=' slide-2 ' ><div data-rel='slideshow-1' class='avia-slide-wrap '   ><div class = \"caption_fullwidth av-slideshow-caption caption_bottom caption_bottom_framed caption_framed\"><div class = \"container caption_container\"><div class = \"slideshow_caption\"><div class = \"slideshow_inner_caption\"><div class = \"slideshow_align_caption\"><h2  class='avia-caption-title  '  itemprop=\"name\" >DAYTIME CLEANING<\/h2><div class='avia-caption-content  '  itemprop=\"description\"  ><p>Mit gro\u00dfem Engagement im Einsatz!<\/p>\n<\/div><\/div><\/div><\/div><\/div><\/div><img decoding=\"async\" class=\"wp-image-50 avia-img-lazy-loading-not-50\"  src=\"https:\/\/guenter-ott.de\/wp-content\/uploads\/2021\/07\/ott-industrie.jpg\" width=\"1680\" height=\"570\" title='Guenter-Ott-Industriereinigung' alt=''  itemprop=\"thumbnailUrl\" srcset=\"https:\/\/guenter-ott.de\/wp-content\/uploads\/2021\/07\/ott-industrie.jpg 1680w, https:\/\/guenter-ott.de\/wp-content\/uploads\/2021\/07\/ott-industrie-300x102.jpg 300w, https:\/\/guenter-ott.de\/wp-content\/uploads\/2021\/07\/ott-industrie-1030x349.jpg 1030w, https:\/\/guenter-ott.de\/wp-content\/uploads\/2021\/07\/ott-industrie-768x261.jpg 768w, https:\/\/guenter-ott.de\/wp-content\/uploads\/2021\/07\/ott-industrie-1536x521.jpg 1536w, https:\/\/guenter-ott.de\/wp-content\/uploads\/2021\/07\/ott-industrie-1500x509.jpg 1500w, https:\/\/guenter-ott.de\/wp-content\/uploads\/2021\/07\/ott-industrie-705x239.jpg 705w\" sizes=\"(max-width: 1680px) 100vw, 1680px\" \/><\/div><\/li><li  class=' slide-3 ' ><div data-rel='slideshow-1' class='avia-slide-wrap '   ><div class = \"caption_fullwidth av-slideshow-caption caption_bottom caption_bottom_framed caption_framed\"><div class = \"container caption_container\"><div class = \"slideshow_caption\"><div class = \"slideshow_inner_caption\"><div class = \"slideshow_align_caption\"><h2  class='avia-caption-title  '  itemprop=\"name\" >Unm\u00f6gliches wird m\u00f6glich<\/h2><div class='avia-caption-content  '  itemprop=\"description\"  ><p>Wir arbeiten sicher in gro\u00dfer H\u00f6he<\/p>\n<\/div><\/div><\/div><\/div><\/div><\/div><img decoding=\"async\" class=\"wp-image-36 avia-img-lazy-loading-not-36\"  src=\"https:\/\/guenter-ott.de\/wp-content\/uploads\/2021\/07\/ott-fassaden-reinigung.jpg\" width=\"1680\" height=\"570\" title='Guenter-Ott-Fassadenreinigung' alt=''  itemprop=\"thumbnailUrl\" srcset=\"https:\/\/guenter-ott.de\/wp-content\/uploads\/2021\/07\/ott-fassaden-reinigung.jpg 1680w, https:\/\/guenter-ott.de\/wp-content\/uploads\/2021\/07\/ott-fassaden-reinigung-300x102.jpg 300w, https:\/\/guenter-ott.de\/wp-content\/uploads\/2021\/07\/ott-fassaden-reinigung-1030x349.jpg 1030w, https:\/\/guenter-ott.de\/wp-content\/uploads\/2021\/07\/ott-fassaden-reinigung-768x261.jpg 768w, https:\/\/guenter-ott.de\/wp-content\/uploads\/2021\/07\/ott-fassaden-reinigung-1536x521.jpg 1536w, https:\/\/guenter-ott.de\/wp-content\/uploads\/2021\/07\/ott-fassaden-reinigung-1500x509.jpg 1500w, https:\/\/guenter-ott.de\/wp-content\/uploads\/2021\/07\/ott-fassaden-reinigung-705x239.jpg 705w\" sizes=\"(max-width: 1680px) 100vw, 1680px\" \/><\/div><\/li><li  class=' slide-4 ' ><div data-rel='slideshow-1' class='avia-slide-wrap '   ><div class = \"caption_fullwidth av-slideshow-caption caption_bottom caption_bottom_framed caption_framed\"><div class = \"container caption_container\"><div class = \"slideshow_caption\"><div class = \"slideshow_inner_caption\"><div class = \"slideshow_align_caption\"><h2  class='avia-caption-title  '  itemprop=\"name\" >STEIGERUNG DES WIRKUNGSGRADES<\/h2><div class='avia-caption-content  '  itemprop=\"description\"  ><p>Durch professionelle Reinigung!<\/p>\n<\/div><\/div><\/div><\/div><\/div><\/div><img decoding=\"async\" class=\"wp-image-55 avia-img-lazy-loading-not-55\"  src=\"https:\/\/guenter-ott.de\/wp-content\/uploads\/2021\/07\/ott-reinigung-solaranlagen1.jpg\" width=\"1680\" height=\"570\" title='Guenter-Ott-Reinigung-Solaranlagen1' alt=''  itemprop=\"thumbnailUrl\" srcset=\"https:\/\/guenter-ott.de\/wp-content\/uploads\/2021\/07\/ott-reinigung-solaranlagen1.jpg 1680w, https:\/\/guenter-ott.de\/wp-content\/uploads\/2021\/07\/ott-reinigung-solaranlagen1-300x102.jpg 300w, https:\/\/guenter-ott.de\/wp-content\/uploads\/2021\/07\/ott-reinigung-solaranlagen1-1030x349.jpg 1030w, https:\/\/guenter-ott.de\/wp-content\/uploads\/2021\/07\/ott-reinigung-solaranlagen1-768x261.jpg 768w, https:\/\/guenter-ott.de\/wp-content\/uploads\/2021\/07\/ott-reinigung-solaranlagen1-1536x521.jpg 1536w, https:\/\/guenter-ott.de\/wp-content\/uploads\/2021\/07\/ott-reinigung-solaranlagen1-1500x509.jpg 1500w, https:\/\/guenter-ott.de\/wp-content\/uploads\/2021\/07\/ott-reinigung-solaranlagen1-705x239.jpg 705w\" sizes=\"(max-width: 1680px) 100vw, 1680px\" \/><\/div><\/li><li  class=' slide-5 ' ><div data-rel='slideshow-1' class='avia-slide-wrap '   ><div class = \"caption_fullwidth av-slideshow-caption caption_bottom caption_bottom_framed caption_framed\"><div class = \"container caption_container\"><div class = \"slideshow_caption\"><div class = \"slideshow_inner_caption\"><div class = \"slideshow_align_caption\"><h2  class='avia-caption-title  '  itemprop=\"name\" >BAUVERMUTZUNG<\/h2><div class='avia-caption-content  '  itemprop=\"description\"  ><p>zuverl\u00e4ssig entfernen<\/p>\n<\/div><\/div><\/div><\/div><\/div><\/div><img decoding=\"async\" class=\"wp-image-27 avia-img-lazy-loading-not-27\"  src=\"https:\/\/guenter-ott.de\/wp-content\/uploads\/2021\/07\/baureinigung.jpg\" width=\"1680\" height=\"570\" title='Guenter-Ott-Baureinigung' alt=''  itemprop=\"thumbnailUrl\" srcset=\"https:\/\/guenter-ott.de\/wp-content\/uploads\/2021\/07\/baureinigung.jpg 1680w, https:\/\/guenter-ott.de\/wp-content\/uploads\/2021\/07\/baureinigung-300x102.jpg 300w, https:\/\/guenter-ott.de\/wp-content\/uploads\/2021\/07\/baureinigung-1030x349.jpg 1030w, https:\/\/guenter-ott.de\/wp-content\/uploads\/2021\/07\/baureinigung-768x261.jpg 768w, https:\/\/guenter-ott.de\/wp-content\/uploads\/2021\/07\/baureinigung-1536x521.jpg 1536w, https:\/\/guenter-ott.de\/wp-content\/uploads\/2021\/07\/baureinigung-1500x509.jpg 1500w, https:\/\/guenter-ott.de\/wp-content\/uploads\/2021\/07\/baureinigung-705x239.jpg 705w\" sizes=\"(max-width: 1680px) 100vw, 1680px\" \/><\/div><\/li><li  class=' slide-6 ' ><div data-rel='slideshow-1' class='avia-slide-wrap '   ><div class = \"caption_fullwidth av-slideshow-caption caption_bottom caption_bottom_framed caption_framed\"><div class = \"container caption_container\"><div class = \"slideshow_caption\"><div class = \"slideshow_inner_caption\"><div class = \"slideshow_align_caption\"><h2  class='avia-caption-title  '  itemprop=\"name\" >SENSIBLE BEREICHE?<\/h2><div class='avia-caption-content  '  itemprop=\"description\"  ><p>Wir k\u00f6nnen Hygiene!<\/p>\n<\/div><\/div><\/div><\/div><\/div><\/div><img decoding=\"async\" class=\"wp-image-70 avia-img-lazy-loading-not-70\"  src=\"https:\/\/guenter-ott.de\/wp-content\/uploads\/2021\/07\/ott-reinraum2.jpg\" width=\"1680\" height=\"570\" title='Guenter-Ott-Reinraumreinigung2' alt=''  itemprop=\"thumbnailUrl\" srcset=\"https:\/\/guenter-ott.de\/wp-content\/uploads\/2021\/07\/ott-reinraum2.jpg 1680w, https:\/\/guenter-ott.de\/wp-content\/uploads\/2021\/07\/ott-reinraum2-300x102.jpg 300w, https:\/\/guenter-ott.de\/wp-content\/uploads\/2021\/07\/ott-reinraum2-1030x349.jpg 1030w, https:\/\/guenter-ott.de\/wp-content\/uploads\/2021\/07\/ott-reinraum2-768x261.jpg 768w, https:\/\/guenter-ott.de\/wp-content\/uploads\/2021\/07\/ott-reinraum2-1536x521.jpg 1536w, https:\/\/guenter-ott.de\/wp-content\/uploads\/2021\/07\/ott-reinraum2-1500x509.jpg 1500w, https:\/\/guenter-ott.de\/wp-content\/uploads\/2021\/07\/ott-reinraum2-705x239.jpg 705w\" sizes=\"(max-width: 1680px) 100vw, 1680px\" \/><\/div><\/li><\/ul><div class='avia-slideshow-arrows avia-slideshow-controls' ><a href='#prev' class='prev-slide ' aria-hidden='true' data-av_icon='\ue87c' data-av_iconfont='entypo-fontello'  tabindex='-1'>Zur\u00fcck<\/a><a href='#next' class='next-slide ' aria-hidden='true' data-av_icon='\ue87d' data-av_iconfont='entypo-fontello'  tabindex='-1'>Weiter<\/a><\/div><div class='avia-slideshow-dots avia-slideshow-controls'><a href='#1' class='goto-slide active' >1<\/a><a href='#2' class='goto-slide ' >2<\/a><a href='#3' class='goto-slide ' >3<\/a><a href='#4' class='goto-slide ' >4<\/a><a href='#5' class='goto-slide ' >5<\/a><a href='#6' class='goto-slide ' >6<\/a><\/div><\/div><\/div><div id='after_full_slider_1'  class='main_color av_default_container_wrap container_wrap fullsize'  ><div class='container av-section-cont-open' ><div class='template-page content  av-content-full alpha units'><div class='post-entry post-entry-type-page post-entry-75'><div class='entry-content-wrapper clearfix'>\n\n<style type=\"text\/css\" data-created_by=\"avia_inline_auto\" id=\"style-css-av-sttq-bccbeadb5799b9815319335f88e700e6\">\n.flex_column.av-sttq-bccbeadb5799b9815319335f88e700e6{\nborder-radius:0px 0px 0px 0px;\n-webkit-border-radius:0px 0px 0px 0px;\n-moz-border-radius:0px 0px 0px 0px;\n}\n<\/style>\n<div class='flex_column av-sttq-bccbeadb5799b9815319335f88e700e6 av_one_full  avia-builder-el-1  el_after_av_slideshow_full  el_before_av_hr  avia-builder-el-first  first flex_column_div av-zero-column-padding '   ><section  class='av_textblock_section av-kqumkh63-5ce3a14f23b2c8b244508b2112f8c18e '  itemscope=\"itemscope\" itemtype=\"https:\/\/schema.org\/CreativeWork\" ><div class='avia_textblock '  itemprop=\"text\" ><h1>Bereit f\u00fcr neue Aufgaben und Ziele?<\/h1>\n<h3>Mit Herausforderungen wachsen &#8211; Serviceleistungen optimieren<\/h3>\n<p>F\u00fcr eine pers\u00f6nliche, individuelle Beratung stehen wir Ihnen gerne zur Verf\u00fcgung und freuen uns auf Ihren Anruf. Nehmen Sie doch gleich Kontakt mit uns auf.<\/p>\n<h3>Viele Serviceleistungen runden unser Leistungsspektrum ab:<\/h3>\n<ul>\n<li><a href=\"https:\/\/dev.guenter-ott.de\/index.php\/unterhaltsreinigung\/\">Unterhaltsreinigung von Verwaltungsgeb\u00e4ude<\/a><\/li>\n<li><a href=\"https:\/\/dev.guenter-ott.de\/index.php\/reinigung-industrieanlagen\/\">Unterhaltsreinigung Produktion und Industrie<\/a><\/li>\n<li><a href=\"https:\/\/dev.guenter-ott.de\/index.php\/glas-und-fassadenreinigung\/\">Glas- und Fassadenreinigung<\/a><\/li>\n<li><a href=\"http:\/\/design.highpeak.de\/photovoltaik-und-solaranlagen\/\">Reinigung von Photovoltaik- und Solaranlagen<\/a><\/li>\n<li><a href=\"https:\/\/dev.guenter-ott.de\/index.php\/bauschlussreinigung\/\">Bauschlussreinigung<\/a><\/li>\n<li><a href=\"https:\/\/dev.guenter-ott.de\/index.php\/reinraumreinigung\/\">Reinraumreinigung und Wasserspeicherdesinfektion<\/a><\/li>\n<li>Teppich und Polsterreinigung<\/li>\n<li>Sauberlaufmattenservice<\/li>\n<li>Reinigung von Jalousien und Rollladen<\/li>\n<li>Bautrocknung<\/li>\n<li>Aktenvernichtung<\/li>\n<li>Taubenabwehr<\/li>\n<li>Brandschadensanierung<\/li>\n<li>Computerreinigung<\/li>\n<li>Individuelle Dienstleistungen<\/li>\n<\/ul>\n<h3>Was k\u00f6nnen wir f\u00fcr Sie tun?<\/h3>\n<\/div><\/section><\/div>\n<div  class='hr av-14ljz-1756742a522d84c15c459574b4f0a33e hr-default  avia-builder-el-3  el_after_av_one_full  el_before_av_video  '><span class='hr-inner '><span class=\"hr-inner-style\"><\/span><\/span><\/div>\n\n<style type=\"text\/css\" data-created_by=\"avia_inline_auto\" id=\"style-css-av-kqupehvt-622eede971ebd3909a25c7f39d5f5a52\">\n.avia-video.av-kqupehvt-622eede971ebd3909a25c7f39d5f5a52{\npadding-bottom:56%;\n}\n<\/style>\n<div  class='avia-video av-kqupehvt-622eede971ebd3909a25c7f39d5f5a52 avia-video-custom avia-video-html5 '  itemprop=\"video\" itemtype=\"https:\/\/schema.org\/VideoObject\"  data-original_url='https:\/\/guenter-ott.de\/wp-content\/uploads\/2021\/07\/Ott-Film.mp4'><video class='avia_video'    preload=\"auto\"  controls id='player_75_667625467_194029364'><source src=\"https:\/\/guenter-ott.de\/wp-content\/uploads\/2021\/07\/Ott-Film.mp4\" type=\"video\/mp4\" \/><\/video><\/div>\n","protected":false},"excerpt":{"rendered":"","protected":false},"author":1,"featured_media":0,"parent":0,"menu_order":0,"comment_status":"closed","ping_status":"closed","template":"","meta":{"footnotes":""},"class_list":["post-75","page","type-page","status-publish","hentry"],"_links":{"self":[{"href":"https:\/\/guenter-ott.de\/index.php\/wp-json\/wp\/v2\/pages\/75","targetHints":{"allow":["GET"]}}],"collection":[{"href":"https:\/\/guenter-ott.de\/index.php\/wp-json\/wp\/v2\/pages"}],"about":[{"href":"https:\/\/guenter-ott.de\/index.php\/wp-json\/wp\/v2\/types\/page"}],"author":[{"embeddable":true,"href":"https:\/\/guenter-ott.de\/index.php\/wp-json\/wp\/v2\/users\/1"}],"replies":[{"embeddable":true,"href":"https:\/\/guenter-ott.de\/index.php\/wp-json\/wp\/v2\/comments?post=75"}],"version-history":[{"count":8,"href":"https:\/\/guenter-ott.de\/index.php\/wp-json\/wp\/v2\/pages\/75\/revisions"}],"predecessor-version":[{"id":78,"href":"https:\/\/guenter-ott.de\/index.php\/wp-json\/wp\/v2\/pages\/75\/revisions\/78"}],"wp:attachment":[{"href":"https:\/\/guenter-ott.de\/index.php\/wp-json\/wp\/v2\/media?parent=75"}],"curies":[{"name":"wp","href":"https:\/\/api.w.org\/{rel}","templated":true}]}}