{"id":84,"date":"2021-07-08T11:30:06","date_gmt":"2021-07-08T09:30:06","guid":{"rendered":"https:\/\/dev.guenter-ott.de\/?page_id=84"},"modified":"2021-07-08T12:21:35","modified_gmt":"2021-07-08T10:21:35","slug":"unterhaltsreinigung","status":"publish","type":"page","link":"https:\/\/guenter-ott.de\/index.php\/unterhaltsreinigung\/","title":{"rendered":"Unterhaltsreinigung"},"content":{"rendered":"<div id='full_slider_1'  class='avia-fullwidth-slider main_color avia-shadow   avia-builder-el-0  el_before_av_one_full  avia-builder-el-first   container_wrap fullsize'  ><div   data-size='no scaling'  data-lightbox_size='large'  data-animation='fade'  data-conditional_play=''  data-ids='77,86'  data-video_counter='0'  data-autoplay='true'  data-bg_slider='false'  data-slide_height=''  data-handle='av_slideshow_full'  data-interval='5'  data-class=' '  data-el_id=''  data-css_id=''  data-scroll_down=''  data-control_layout='av-control-default'  data-custom_markup=''  data-perma_caption=''  data-autoplay_stopper=''  data-image_attachment=''  data-min_height='0px'  data-lazy_loading='disabled'  data-src=''  data-position='top left'  data-repeat='no-repeat'  data-attach='scroll'  data-stretch=''  data-img_scrset=''  class='avia-slideshow avia-slideshow-1  av-control-default av-default-height-applied avia-slideshow-no scaling av_slideshow_full   avia-fade-slider '  itemprop=\"image\" itemscope=\"itemscope\" itemtype=\"https:\/\/schema.org\/ImageObject\" ><ul class='avia-slideshow-inner ' style='padding-bottom: 33.9285714286%;' ><li  class=' slide-1 ' ><div data-rel='slideshow-1' class='avia-slide-wrap '   ><div class = \"caption_fullwidth av-slideshow-caption caption_bottom caption_bottom_framed caption_framed\"><div class = \"container caption_container\"><div class = \"slideshow_caption\"><div class = \"slideshow_inner_caption\"><div class = \"slideshow_align_caption\"><h2  class='avia-caption-title  '  itemprop=\"name\" >Die Unterhaltsreinigung<\/h2><div class='avia-caption-content  '  itemprop=\"description\"  ><p>Der Kernbereich der Geb\u00e4udereinigung!<\/p>\n<\/div><\/div><\/div><\/div><\/div><\/div><img decoding=\"async\" class=\"wp-image-77 avia-img-lazy-loading-not-77\"  src=\"https:\/\/guenter-ott.de\/wp-content\/uploads\/2021\/07\/ott-unterhaltsreinigung.jpg\" width=\"1680\" height=\"570\" title='Guenter-Ott-Unterhaltsreinigung' alt=''  itemprop=\"thumbnailUrl\" srcset=\"https:\/\/guenter-ott.de\/wp-content\/uploads\/2021\/07\/ott-unterhaltsreinigung.jpg 1680w, https:\/\/guenter-ott.de\/wp-content\/uploads\/2021\/07\/ott-unterhaltsreinigung-300x102.jpg 300w, https:\/\/guenter-ott.de\/wp-content\/uploads\/2021\/07\/ott-unterhaltsreinigung-1030x349.jpg 1030w, https:\/\/guenter-ott.de\/wp-content\/uploads\/2021\/07\/ott-unterhaltsreinigung-768x261.jpg 768w, https:\/\/guenter-ott.de\/wp-content\/uploads\/2021\/07\/ott-unterhaltsreinigung-1536x521.jpg 1536w, https:\/\/guenter-ott.de\/wp-content\/uploads\/2021\/07\/ott-unterhaltsreinigung-1500x509.jpg 1500w, https:\/\/guenter-ott.de\/wp-content\/uploads\/2021\/07\/ott-unterhaltsreinigung-705x239.jpg 705w\" sizes=\"(max-width: 1680px) 100vw, 1680px\" \/><\/div><\/li><li  class=' slide-2 ' ><div data-rel='slideshow-1' class='avia-slide-wrap '   ><div class = \"caption_fullwidth av-slideshow-caption caption_bottom caption_bottom_framed caption_framed\"><div class = \"container caption_container\"><div class = \"slideshow_caption\"><div class = \"slideshow_inner_caption\"><div class = \"slideshow_align_caption\"><h2  class='avia-caption-title  '  itemprop=\"name\" >PROFESSIONELLES ARBEITEN<\/h2><div class='avia-caption-content  '  itemprop=\"description\"  ><p>F\u00fcr uns selbstverst\u00e4ndlich<\/p>\n<\/div><\/div><\/div><\/div><\/div><\/div><img decoding=\"async\" class=\"wp-image-86 avia-img-lazy-loading-not-86\"  src=\"https:\/\/guenter-ott.de\/wp-content\/uploads\/2021\/07\/ott-unterhaltsreinigung2.jpg\" width=\"1680\" height=\"570\" title='Guenter-Ott-Unterhaltsreinigung2' alt=''  itemprop=\"thumbnailUrl\" srcset=\"https:\/\/guenter-ott.de\/wp-content\/uploads\/2021\/07\/ott-unterhaltsreinigung2.jpg 1680w, https:\/\/guenter-ott.de\/wp-content\/uploads\/2021\/07\/ott-unterhaltsreinigung2-300x102.jpg 300w, https:\/\/guenter-ott.de\/wp-content\/uploads\/2021\/07\/ott-unterhaltsreinigung2-1030x349.jpg 1030w, https:\/\/guenter-ott.de\/wp-content\/uploads\/2021\/07\/ott-unterhaltsreinigung2-768x261.jpg 768w, https:\/\/guenter-ott.de\/wp-content\/uploads\/2021\/07\/ott-unterhaltsreinigung2-1536x521.jpg 1536w, https:\/\/guenter-ott.de\/wp-content\/uploads\/2021\/07\/ott-unterhaltsreinigung2-1500x509.jpg 1500w, https:\/\/guenter-ott.de\/wp-content\/uploads\/2021\/07\/ott-unterhaltsreinigung2-705x239.jpg 705w\" sizes=\"(max-width: 1680px) 100vw, 1680px\" \/><\/div><\/li><\/ul><div class='avia-slideshow-arrows avia-slideshow-controls' ><a href='#prev' class='prev-slide ' aria-hidden='true' data-av_icon='\ue87c' data-av_iconfont='entypo-fontello'  tabindex='-1'>Zur\u00fcck<\/a><a href='#next' class='next-slide ' aria-hidden='true' data-av_icon='\ue87d' data-av_iconfont='entypo-fontello'  tabindex='-1'>Weiter<\/a><\/div><div class='avia-slideshow-dots avia-slideshow-controls'><a href='#1' class='goto-slide active' >1<\/a><a href='#2' class='goto-slide ' >2<\/a><\/div><\/div><\/div><div id='after_full_slider_1'  class='main_color av_default_container_wrap container_wrap fullsize'  ><div class='container av-section-cont-open' ><div class='template-page content  av-content-full alpha units'><div class='post-entry post-entry-type-page post-entry-84'><div class='entry-content-wrapper clearfix'>\n\n<style type=\"text\/css\" data-created_by=\"avia_inline_auto\" id=\"style-css-av-sttq-bccbeadb5799b9815319335f88e700e6\">\n.flex_column.av-sttq-bccbeadb5799b9815319335f88e700e6{\nborder-radius:0px 0px 0px 0px;\n-webkit-border-radius:0px 0px 0px 0px;\n-moz-border-radius:0px 0px 0px 0px;\n}\n<\/style>\n<div class='flex_column av-sttq-bccbeadb5799b9815319335f88e700e6 av_one_full  avia-builder-el-1  el_after_av_slideshow_full  avia-builder-el-no-sibling  first flex_column_div av-zero-column-padding '   ><section  class='av_textblock_section av-kqumkh63-5ce3a14f23b2c8b244508b2112f8c18e '  itemscope=\"itemscope\" itemtype=\"https:\/\/schema.org\/CreativeWork\" ><div class='avia_textblock '  itemprop=\"text\" ><h1>Unterhaltsreinigung &#8211;<br \/>\nDer Kernbereich der Geb\u00e4udereinigung<\/h1>\n<h3>Mit Flexibilit\u00e4t, Engagement und Freude bei der Aufgabe<\/h3>\n<p>Die Unterhaltsreinigung ist der Schwerpunkt unserer Aufgaben. In der Praxis bedeutet das f\u00fcr uns in erster Linie die regelm\u00e4\u00dfige Reinigung und Pflege von Arbeits-, Wohn- und Sanit\u00e4rbereichen.<\/p>\n<p>Als Mitglied im Bundesverband des Geb\u00e4udereinigerhandwerks verstehen wir uns als moderner Partner mit wertebasierter Unternehmenskultur. Zu unseren Kunden geh\u00f6ren Industriebetriebe, Handwerksunternehmen, Kommunen mit Schulen und Kinderg\u00e4rten, Banken, Alten- und Pflegeheime, Arztpraxen und Privathaushalte.<\/p>\n<p>Das systematische und professionelle Arbeiten ist f\u00fcr uns selbstverst\u00e4ndlich. So arbeiten wir grunds\u00e4tzlich in Intervallen nach einem mit unseren Kunden gemeinsam erarbeiteten Leistungsverzeichnis.<br \/>\nIn diesem Leistungsverzeichnis sind alle Aufgaben klar definiert, dies verschafft unseren Kunden und uns zu jeder Zeit eine transparente \u00dcbersicht.<\/p>\n<p>In regelm\u00e4\u00dfigen Abst\u00e4nden \u00fcberpr\u00fcfen wir das Verzeichnis vor Ort, um auf m\u00f6gliche \u00c4nderungen einzugehen und, falls erforderlich, entsprechende Anpassungen vorzunehmen.<br \/>\nWir arbeiten mit den modernsten Ger\u00e4ten, bew\u00e4hrten Arbeitstechniken und fundierten Materialkenntnissen. Dabei verwenden wir ausschlie\u00dflich Reinigungs- und Pflegemittel, die vom Bundesumweltamt gelistet sind. So lassen wir keinen Zweifel daran, wie ernst wir unsere Aufgaben nehmen.<\/p>\n<\/div><\/section><\/div>\n","protected":false},"excerpt":{"rendered":"","protected":false},"author":1,"featured_media":0,"parent":0,"menu_order":0,"comment_status":"closed","ping_status":"closed","template":"","meta":{"footnotes":""},"class_list":["post-84","page","type-page","status-publish","hentry"],"_links":{"self":[{"href":"https:\/\/guenter-ott.de\/index.php\/wp-json\/wp\/v2\/pages\/84","targetHints":{"allow":["GET"]}}],"collection":[{"href":"https:\/\/guenter-ott.de\/index.php\/wp-json\/wp\/v2\/pages"}],"about":[{"href":"https:\/\/guenter-ott.de\/index.php\/wp-json\/wp\/v2\/types\/page"}],"author":[{"embeddable":true,"href":"https:\/\/guenter-ott.de\/index.php\/wp-json\/wp\/v2\/users\/1"}],"replies":[{"embeddable":true,"href":"https:\/\/guenter-ott.de\/index.php\/wp-json\/wp\/v2\/comments?post=84"}],"version-history":[{"count":3,"href":"https:\/\/guenter-ott.de\/index.php\/wp-json\/wp\/v2\/pages\/84\/revisions"}],"predecessor-version":[{"id":120,"href":"https:\/\/guenter-ott.de\/index.php\/wp-json\/wp\/v2\/pages\/84\/revisions\/120"}],"wp:attachment":[{"href":"https:\/\/guenter-ott.de\/index.php\/wp-json\/wp\/v2\/media?parent=84"}],"curies":[{"name":"wp","href":"https:\/\/api.w.org\/{rel}","templated":true}]}}